{"id":128,"date":"2024-10-31T15:47:07","date_gmt":"2024-10-31T15:47:07","guid":{"rendered":"https:\/\/area3.group\/?page_id=128"},"modified":"2025-04-12T10:52:24","modified_gmt":"2025-04-12T10:52:24","slug":"energia_rinnovabile","status":"publish","type":"page","link":"https:\/\/area3.group\/?page_id=128","title":{"rendered":"Energia rinnovabile"},"content":{"rendered":"\n\t<section class=\"section\" id=\"section_1721665835\">\n\t\t<div class=\"bg section-bg fill bg-fill  \" >\n\n\t\t\t\n\t\t\t\n\t\t\t\n\n\t\t<\/div>\n\n\t\t\n\n\t\t<div class=\"section-content relative\">\n\t\t\t\n\n<div class=\"row\" style=\"max-width:1200px\" id=\"row-1538202659\">\n\n\n\t<div id=\"col-1910381031\" class=\"col medium-5 small-12 large-5\"  >\n\t\t\t\t<div class=\"col-inner\"  >\n\t\t\t\n\t\t\t\n\n\t<div id=\"gap-50546169\" class=\"gap-element clearfix\" style=\"display:block; height:auto;\">\n\t\t\n<style>\n#gap-50546169 {\n  padding-top: 0px;\n}\n@media (min-width:850px) {\n  #gap-50546169 {\n    padding-top: 30px;\n  }\n}\n<\/style>\n\t<\/div>\n\t\n\n\n\t\t<\/div>\n\t\t\t\t\t<\/div>\n\n\t\n\n\t<div id=\"col-1073935376\" class=\"col medium-12 small-12 large-7\"  >\n\t\t\t\t<div class=\"col-inner\"  >\n\t\t\t\n\t\t\t\n\n\t<div id=\"gap-1920007691\" class=\"gap-element clearfix\" style=\"display:block; height:auto;\">\n\t\t\n<style>\n#gap-1920007691 {\n  padding-top: 30px;\n}\n<\/style>\n\t<\/div>\n\t\n\n\n\t\t<\/div>\n\t\t\t\t\n<style>\n#col-1073935376 > .col-inner {\n  padding: 0px 0px 0px 0;\n}\n@media (min-width:550px) {\n  #col-1073935376 > .col-inner {\n    padding: 0px 0px 0px 30px;\n  }\n}\n<\/style>\n\t<\/div>\n\n\t\n\n<\/div>\n\n\t\t<\/div>\n\n\t\t\n<style>\n#section_1721665835 {\n  padding-top: 30px;\n  padding-bottom: 30px;\n  min-height: 300px;\n}\n#section_1721665835 .section-bg.bg-loaded {\n  background-image: url(https:\/\/area3.group\/wp-content\/uploads\/2024\/10\/Progetto-senza-titolo-4.png);\n}\n#section_1721665835 .section-bg {\n  background-position: 67% 15%;\n}\n@media (min-width:550px) {\n  #section_1721665835 {\n    min-height: 450px;\n  }\n}\n@media (min-width:850px) {\n  #section_1721665835 {\n    min-height: 500px;\n  }\n}\n<\/style>\n\t<\/section>\n\t\n<div class=\"row\" style=\"max-width:1200px\" id=\"row-1793591435\">\n\n\n\t<div id=\"col-773741477\" class=\"col medium-12 small-12 large-5\"  >\n\t\t\t\t<div class=\"col-inner\"  >\n\t\t\t\n\t\t\t\n\n\n  <div class=\"banner has-hover hide-for-medium\" id=\"banner-1809938653\">\n          <div class=\"banner-inner fill\">\n        <div class=\"banner-bg fill\" >\n            <div class=\"bg fill bg-fill \"><\/div>\n                                    \n                    <\/div>\n\t\t\n        <div class=\"banner-layers container\">\n            <div class=\"fill banner-link\"><\/div>            \n\n   <div id=\"text-box-1599664373\" class=\"text-box banner-layer x50 md-x50 lg-x50 y50 md-y50 lg-y50 res-text\">\n                                <div class=\"text-box-content text dark\">\n              \n              <div class=\"text-inner text-center\">\n                  \n\n\n              <\/div>\n           <\/div>\n                            \n<style>\n#text-box-1599664373 {\n  width: 60%;\n}\n#text-box-1599664373 .text-box-content {\n  font-size: 100%;\n}\n@media (min-width:550px) {\n  #text-box-1599664373 {\n    width: 60%;\n  }\n}\n<\/style>\n    <\/div>\n \n\n        <\/div>\n      <\/div>\n\n            \n<style>\n#banner-1809938653 {\n  padding-top: 300px;\n  background-color: rgb(255, 255, 255);\n}\n#banner-1809938653 .bg.bg-loaded {\n  background-image: url(https:\/\/area3.group\/wp-content\/uploads\/2024\/10\/Progetto-senza-titolo-3-576x1024.png);\n}\n#banner-1809938653 .bg {\n  background-position: 40% 100%;\n}\n@media (min-width:550px) {\n  #banner-1809938653 {\n    padding-top: 500px;\n  }\n}\n@media (min-width:850px) {\n  #banner-1809938653 {\n    padding-top: 650px;\n  }\n}\n<\/style>\n  <\/div>\n\n\n\t<div id=\"gap-474911785\" class=\"gap-element clearfix\" style=\"display:block; height:auto;\">\n\t\t\n<style>\n#gap-474911785 {\n  padding-top: 0px;\n}\n@media (min-width:850px) {\n  #gap-474911785 {\n    padding-top: 100px;\n  }\n}\n<\/style>\n\t<\/div>\n\t\n\n\n\t\t<\/div>\n\t\t\t\t\n<style>\n#col-773741477 > .col-inner {\n  margin: -100px 0px 0px 0px;\n}\n@media (min-width:550px) {\n  #col-773741477 > .col-inner {\n    margin: -150px 0px 0px 0px;\n  }\n}\n@media (min-width:850px) {\n  #col-773741477 > .col-inner {\n    margin: -400px 0px 0px 0px;\n  }\n}\n<\/style>\n\t<\/div>\n\n\t\n\n\t<div id=\"col-1935194343\" class=\"col medium-11 small-12 large-7\"  >\n\t\t\t\t<div class=\"col-inner\"  >\n\t\t\t\n\t\t\t\n\n\t<div id=\"text-1616042045\" class=\"text\">\n\t\t\n\n<p style=\"text-align: center;\"><strong>NO STRESS CON AREA 3 GROUP<\/strong><\/p>\n<p style=\"text-align: center;\">Clicca qui e riceverai la chiamata da parte dei nostri consulenti per un&#8217;analisi <strong>GRATUITA\u00a0<\/strong><\/p>\n<p style=\"text-align: center;\">Scopri i vantaggi a te riservati per una casa o un&#8217;azienda efficientata.<\/p>\n\t\t\n<style>\n#text-1616042045 {\n  font-size: 1.25rem;\n  text-align: center;\n}\n<\/style>\n\t<\/div>\n\t\n<a data-animate=\"fadeInUp\" href=\"tel:%203937930028\" target=\"_self\" class=\"button alert is-large expand\"  style=\"border-radius:10px;\">\n    <span>Chiama adesso<\/span>\n  <i class=\"icon-phone\" aria-hidden=\"true\" ><\/i><\/a>\n\n\n<a class=\"button secondary is-underline hidden\"  >\n    <span>L\u2019APPROCCIO DI Area 3 GROUP ENERGIA<\/span>\n  <\/a>\n\n\n\n\t\t<\/div>\n\t\t\t\t\n<style>\n#col-1935194343 > .col-inner {\n  padding: 0px 0px 0px 0;\n}\n@media (min-width:550px) {\n  #col-1935194343 > .col-inner {\n    padding: 0px 0px 0px 30px;\n  }\n}\n<\/style>\n\t<\/div>\n\n\t\n\n<\/div>\n\t<section class=\"section\" id=\"section_763039945\">\n\t\t<div class=\"bg section-bg fill bg-fill  bg-loaded\" >\n\n\t\t\t\n\t\t\t\n\t\t\t\n\n\t\t<\/div>\n\n\t\t\n\n\t\t<div class=\"section-content relative\">\n\t\t\t\n\n<div class=\"row\" style=\"max-width:1200px\" id=\"row-1351803349\">\n\n\n\t<div id=\"col-2046154410\" class=\"col small-12 large-12\"  >\n\t\t\t\t<div class=\"col-inner\"  >\n\t\t\t\n\t\t\t\n\n\t<div id=\"text-4282466843\" class=\"text\">\n\t\t\n\n<h6>La Nostra Energia su Misura per Te<\/h6>\n\t\t\n<style>\n#text-4282466843 {\n  font-size: 1.1rem;\n  text-align: center;\n}\n<\/style>\n\t<\/div>\n\t\n\t<div id=\"text-2294801032\" class=\"text\">\n\t\t\n\n<h1>Consulenza Area 3 Group<\/h1>\n\t\t\n<style>\n#text-2294801032 {\n  font-size: 1.75rem;\n  text-align: center;\n}\n<\/style>\n\t<\/div>\n\t\n\n\t\t<\/div>\n\t\t\t\t\t<\/div>\n\n\t\n\n<\/div>\n<div class=\"row row-large row-solid\" style=\"max-width:1200px\" id=\"row-1859597022\">\n\n\n\t<div id=\"col-1072361194\" class=\"col medium-10 small-12 large-6\"  >\n\t\t\t\t<div class=\"col-inner\"  >\n\t\t\t\n\t\t\t\n\n\n\t\t<div class=\"icon-box featured-box icon-box-left text-left\"  >\n\t\t\t\t\t<div class=\"icon-box-img\" style=\"width: 69px\">\n\t\t\t\t<div class=\"icon\">\n\t\t\t\t\t<div class=\"icon-inner\" >\n\t\t\t\t\t\t<img loading=\"lazy\" decoding=\"async\" width=\"120\" height=\"120\" src=\"https:\/\/area3.group\/wp-content\/uploads\/2024\/10\/check-line.png\" class=\"attachment-medium size-medium\" alt=\"\" \/>\t\t\t\t\t<\/div>\n\t\t\t\t<\/div>\n\t\t\t<\/div>\n\t\t\t\t<div class=\"icon-box-text last-reset\">\n\t\t\t\t\t\t\t\t\t\n\n\t<div id=\"text-3762508278\" class=\"text\">\n\t\t\n\n<p><span style=\"font-weight: 400;\">La nostra energia si adatta alle tue esigenze, garantendoti un servizio personalizzato in base al tuo consumo e alle tue preferenze. Il nostro impegno \u00e8 offrirti un&#8217;esperienza su misura.<\/span><\/p>\n\t\t\n<style>\n#text-3762508278 {\n  text-align: center;\n}\n<\/style>\n\t<\/div>\n\t\n\n\t\t<\/div>\n\t<\/div>\n\t\n\t\n\t<div id=\"gap-1716027459\" class=\"gap-element clearfix\" style=\"display:block; height:auto;\">\n\t\t\n<style>\n#gap-1716027459 {\n  padding-top: 30px;\n}\n<\/style>\n\t<\/div>\n\t\n\n\n\t\t<div class=\"icon-box featured-box icon-box-left text-left\"  >\n\t\t\t\t<div class=\"icon-box-text last-reset\">\n\t\t\t\t\t\t\t\t\t\n\n\t<div id=\"text-3582614284\" class=\"text\">\n\t\t\n\n<h4><b>Un Approccio Consulenziale e Sostenibile<\/b><\/h4>\n<p><span style=\"font-weight: 400;\">Attraverso la nostra campagna, mettiamo in evidenza il nostro modo di operare nel mercato: mai invadente, sempre focalizzato sull&#8217;offerta di consulenza, e attento alle necessit\u00e0 delle persone, cos\u00ec come alla sostenibilit\u00e0 ambientale ed economica.<\/span><\/p>\n\t\t\n<style>\n#text-3582614284 {\n  text-align: center;\n}\n<\/style>\n\t<\/div>\n\t\n\n\t\t<\/div>\n\t<\/div>\n\t\n\t\n\t<div id=\"gap-1408769919\" class=\"gap-element clearfix\" style=\"display:block; height:auto;\">\n\t\t\n<style>\n#gap-1408769919 {\n  padding-top: 30px;\n}\n<\/style>\n\t<\/div>\n\t\n\n\n\t\t<\/div>\n\t\t\t\t\n<style>\n#col-1072361194 > .col-inner {\n  padding: 0px 0 0px 0px;\n}\n@media (min-width:850px) {\n  #col-1072361194 > .col-inner {\n    padding: 0px 40px 0px 0px;\n  }\n}\n<\/style>\n\t<\/div>\n\n\t\n\n\t<div id=\"col-2123229517\" class=\"col medium-10 small-12 large-6\"  >\n\t\t\t\t<div class=\"col-inner\"  >\n\t\t\t\n\t\t\t\n\n\n\t\t<div class=\"icon-box featured-box icon-box-left text-left\"  >\n\t\t\t\t\t<div class=\"icon-box-img\" style=\"width: 69px\">\n\t\t\t\t<div class=\"icon\">\n\t\t\t\t\t<div class=\"icon-inner\" >\n\t\t\t\t\t\t<img loading=\"lazy\" decoding=\"async\" width=\"120\" height=\"120\" src=\"https:\/\/area3.group\/wp-content\/uploads\/2024\/10\/check-line.png\" class=\"attachment-medium size-medium\" alt=\"\" \/>\t\t\t\t\t<\/div>\n\t\t\t\t<\/div>\n\t\t\t<\/div>\n\t\t\t\t<div class=\"icon-box-text last-reset\">\n\t\t\t\t\t\t\t\t\t\n\n\t<div id=\"text-1186998621\" class=\"text\">\n\t\t\n\n<p class=\"fFOiLQ _5Ob_nQ fM_HdA upnMoA\">Ogni cliente ha esigenze uniche. Un consulente esperto pu\u00f2 analizzare queste esigenze e suggerire soluzioni personalizzate, garantendo che il cliente ottenga il miglior valore per il suo investimento.<\/p>\n\t\t\n<style>\n#text-1186998621 {\n  text-align: center;\n}\n<\/style>\n\t<\/div>\n\t\n\n\t\t<\/div>\n\t<\/div>\n\t\n\t\n\t<div id=\"gap-329620416\" class=\"gap-element clearfix\" style=\"display:block; height:auto;\">\n\t\t\n<style>\n#gap-329620416 {\n  padding-top: 30px;\n}\n<\/style>\n\t<\/div>\n\t\n\n\n\t\t<div class=\"icon-box featured-box icon-box-left text-left\"  >\n\t\t\t\t<div class=\"icon-box-text last-reset\">\n\t\t\t\t\t\t\t\t\t\n\n\t<div id=\"text-2101946722\" class=\"text\">\n\t\t\n\n<h4><b>Rispetto per il Cliente<\/b><\/h4>\n<p><span style=\"font-weight: 400;\">Non ti inondiamo di telefonate n\u00e9 pratichiamo la vendita porta a porta. Ci limitiamo a soddisfare i tuoi bisogni energetici, che si tratti della tua casa, della tua azienda o del tuo condominio, senza mai eccedere oltre ci\u00f2 che \u00e8 necessario.<\/span><\/p>\n\t\t\n<style>\n#text-2101946722 {\n  text-align: center;\n}\n<\/style>\n\t<\/div>\n\t\n\n\t\t<\/div>\n\t<\/div>\n\t\n\t\n\t<div id=\"gap-799514905\" class=\"gap-element clearfix\" style=\"display:block; height:auto;\">\n\t\t\n<style>\n#gap-799514905 {\n  padding-top: 30px;\n}\n<\/style>\n\t<\/div>\n\t\n\n\n\t\t<\/div>\n\t\t\t\t\n<style>\n#col-2123229517 > .col-inner {\n  padding: 0px 0 0px 0px;\n}\n@media (min-width:850px) {\n  #col-2123229517 > .col-inner {\n    padding: 0px 40px 0px 0px;\n  }\n}\n<\/style>\n\t<\/div>\n\n\t\n\n<\/div>\n\t<div id=\"gap-1277872764\" class=\"gap-element clearfix\" style=\"display:block; height:auto;\">\n\t\t\n<style>\n#gap-1277872764 {\n  padding-top: 30px;\n}\n<\/style>\n\t<\/div>\n\t\n\n\n\t\t<\/div>\n\n\t\t\n<style>\n#section_763039945 {\n  padding-top: 80px;\n  padding-bottom: 80px;\n  background-color: rgb(242, 238, 241);\n}\n<\/style>\n\t<\/section>\n\t\n\t<section class=\"section dark\" id=\"section_785848808\">\n\t\t<div class=\"bg section-bg fill bg-fill  bg-loaded\" >\n\n\t\t\t\n\t\t\t\n\t\t\t\n\n\t\t<\/div>\n\n\t\t\n\n\t\t<div class=\"section-content relative\">\n\t\t\t\n\n<div class=\"row align-bottom\" style=\"max-width:1200px\" id=\"row-122252723\">\n\n\n\t<div id=\"col-1278677434\" class=\"col medium-12 small-12 large-6\"  >\n\t\t\t\t<div class=\"col-inner\"  >\n\t\t\t\n\t\t\t\n\n\t<div id=\"text-1434162065\" class=\"text\">\n\t\t\n\n<h6>Area 3 Group<\/h6>\n\t\t\n<style>\n#text-1434162065 {\n  font-size: 1.1rem;\n  text-align: left;\n}\n<\/style>\n\t<\/div>\n\t\n\t<div id=\"text-947969691\" class=\"text\">\n\t\t\n\n<h2>Contattaci o vieni a trovarci presso i nostri Point<\/h2>\n\t\t\n<style>\n#text-947969691 {\n  font-size: 1.75rem;\n}\n@media (min-width:550px) {\n  #text-947969691 {\n    font-size: 1.5rem;\n  }\n}\n<\/style>\n\t<\/div>\n\t\n\n\t\t<\/div>\n\t\t\t\t\t<\/div>\n\n\t\n\n\t<div id=\"col-1998171584\" class=\"col medium-12 small-12 large-6\"  >\n\t\t\t\t<div class=\"col-inner\"  >\n\t\t\t\n\t\t\t\n\n<a href=\"\/#CF7\" target=\"_self\" class=\"button alert expand\"  style=\"padding:5px 0px 5px 0px;\">\n    <span>consulenza gratuita<\/span>\n  <\/a>\n\n\n\n\t\t<\/div>\n\t\t\t\t\n<style>\n#col-1998171584 > .col-inner {\n  padding: 0px 0px 0px 0;\n  margin: 0 0px 0px 0px;\n}\n@media (min-width:850px) {\n  #col-1998171584 > .col-inner {\n    padding: 0px 0px 0px 30px;\n    margin: -70px 0px 0px 0px;\n  }\n}\n<\/style>\n\t<\/div>\n\n\t\n\n<\/div>\n\t<div id=\"gap-1211342470\" class=\"gap-element clearfix\" style=\"display:block; height:auto;\">\n\t\t\n<style>\n#gap-1211342470 {\n  padding-top: 50px;\n}\n<\/style>\n\t<\/div>\n\t\n\n\n\t\t<\/div>\n\n\t\t\n<style>\n#section_785848808 {\n  padding-top: 80px;\n  padding-bottom: 80px;\n  background-color: rgb(39, 54, 71);\n}\n<\/style>\n\t<\/section>\n\t\n\t<section class=\"section\" id=\"section_2017577702\">\n\t\t<div class=\"bg section-bg fill bg-fill  bg-loaded\" >\n\n\t\t\t\n\t\t\t\n\t\t\t\n\n\t\t<\/div>\n\n\t\t\n\n\t\t<div class=\"section-content relative\">\n\t\t\t\n\n<div class=\"row\" style=\"max-width:1200px\" id=\"row-1892236571\">\n\n\n\t<div id=\"col-362954966\" class=\"col small-12 large-12\"  >\n\t\t\t\t<div class=\"col-inner\"  >\n\t\t\t\n\t\t\t\n\n\n  <div class=\"banner has-hover\" id=\"banner-1175218529\">\n          <div class=\"banner-inner fill\">\n        <div class=\"banner-bg fill\" >\n            <div class=\"bg fill bg-fill \"><\/div>\n                                    \n                    <\/div>\n\t\t\n        <div class=\"banner-layers container\">\n            <div class=\"fill banner-link\"><\/div>            \n\n   <div id=\"text-box-173747396\" class=\"text-box banner-layer x50 md-x50 lg-x50 y50 md-y50 lg-y50 res-text\">\n                                <div class=\"text-box-content text dark\">\n              \n              <div class=\"text-inner text-center\">\n                  \n\n\n              <\/div>\n           <\/div>\n                            \n<style>\n#text-box-173747396 {\n  width: 60%;\n}\n#text-box-173747396 .text-box-content {\n  font-size: 100%;\n}\n@media (min-width:550px) {\n  #text-box-173747396 {\n    width: 60%;\n  }\n}\n<\/style>\n    <\/div>\n \n\n        <\/div>\n      <\/div>\n\n            \n<style>\n#banner-1175218529 {\n  padding-top: 200px;\n  background-color: rgb(255, 255, 255);\n}\n#banner-1175218529 .bg.bg-loaded {\n  background-image: url(https:\/\/area3.group\/wp-content\/uploads\/2024\/10\/Progetto-senza-titolo-4-1024x576.png);\n}\n#banner-1175218529 .bg {\n  background-position: 45% 56%;\n}\n@media (min-width:550px) {\n  #banner-1175218529 {\n    padding-top: 350px;\n  }\n}\n@media (min-width:850px) {\n  #banner-1175218529 {\n    padding-top: 400px;\n  }\n}\n<\/style>\n  <\/div>\n\n\n\n\t\t<\/div>\n\t\t\t\t\n<style>\n#col-362954966 > .col-inner {\n  margin: -120px 0px 0px 0px;\n}\n<\/style>\n\t<\/div>\n\n\t\n\n<\/div>\n<div class=\"row align-center\" style=\"max-width:1200px\" id=\"row-804861418\">\n\n\n\t<div id=\"col-1705977281\" class=\"col medium-10 small-12 large-10\"  >\n\t\t\t\t<div class=\"col-inner\"  >\n\t\t\t\n\t\t\t\n\n\t<div id=\"gap-204576371\" class=\"gap-element clearfix\" style=\"display:block; height:auto;\">\n\t\t\n<style>\n#gap-204576371 {\n  padding-top: 30px;\n}\n<\/style>\n\t<\/div>\n\t\n\n\t<div id=\"text-3494083954\" class=\"text\">\n\t\t\n\n<h6>Vantaggi<\/h6>\n\t\t\n<style>\n#text-3494083954 {\n  font-size: 1.1rem;\n  text-align: center;\n}\n<\/style>\n\t<\/div>\n\t\n\t<div id=\"text-1390232929\" class=\"text\">\n\t\t\n\n<h1>Vantaggi dell&#8217;Efficientamento Energetico<\/h1>\n\t\t\n<style>\n#text-1390232929 {\n  font-size: 1.75rem;\n  text-align: center;\n}\n<\/style>\n\t<\/div>\n\t\n\t<div id=\"gap-670261129\" class=\"gap-element clearfix\" style=\"display:block; height:auto;\">\n\t\t\n<style>\n#gap-670261129 {\n  padding-top: 10px;\n}\n<\/style>\n\t<\/div>\n\t\n\n\t<div id=\"text-1562524702\" class=\"text\">\n\t\t\n\n<p>L&#8217;efficientamento energetico svolge un ruolo cruciale nel promuovere la sostenibilit\u00e0 e ridurre l&#8217;impatto ambientale. Ecco alcuni dei principali vantaggi associati a questa pratica:<\/p>\n<p><strong>## 1. Riduzione dei Costi Energetici<\/strong><\/p>\n<p>Uno dei benefici pi\u00f9 immediati e tangibili dell&#8217;efficientamento energetico \u00e8 la riduzione delle bollette energetiche. Migliorando l&#8217;efficienza delle apparecchiature e degli edifici, \u00e8 possibile diminuire significativamente il consumo di energia, portando a notevoli risparmi economici nel lungo termine.<\/p>\n<p><strong>## 2. Diminuzione delle Emissioni di Gas Serra<\/strong><\/p>\n<p>L&#8217;adozione di tecnologie e pratiche energeticamente efficienti contribuisce a ridurre le emissioni di carbonio e altri gas serra. Questo \u00e8 fondamentale per mitigare il cambiamento climatico e preservare l&#8217;ambiente per le future generazioni.<\/p>\n<p><strong>## 3. Aumento del Comfort e della Qualit\u00e0 della Vita<\/strong><\/p>\n<p>L&#8217;efficientamento energetico non solo riduce i costi, ma migliora anche il comfort all&#8217;interno degli edifici. Miglioramenti come l&#8217;isolamento termico e l&#8217;installazione di finestre a basso emissivo contribuiscono a mantenere temperature interne pi\u00f9 stabili e confortevoli, migliorando la qualit\u00e0 della vita degli occupanti.<\/p>\n<p><strong>## 4. Incremento del Valore degli Immobili<\/strong><\/p>\n<p>Gli edifici energeticamente efficienti tendono a essere pi\u00f9 attraenti per gli acquirenti e gli inquilini, aumentando il loro valore di mercato. Investire in tecnologie e miglioramenti che riducono il consumo energetico pu\u00f2 quindi incrementare il valore patrimoniale di un immobile.<\/p>\n<p><strong>## 5. Creazione di Opportunit\u00e0 di Lavoro<\/strong><\/p>\n<p>Il settore dell&#8217;efficienza energetica genera nuove opportunit\u00e0 lavorative, sia in termini di sviluppo di tecnologie innovative che di servizi associati all&#8217;installazione e manutenzione di sistemi energeticamente efficienti.<\/p>\n<p><strong>## 6. Maggiore Sicurezza Energetica<\/strong><\/p>\n<p>Riducendo la dipendenza dalle fonti di energia non rinnovabili e migliorando l&#8217;efficienza energetica complessiva, i paesi possono aumentare la loro sicurezza energetica, riducendo la vulnerabilit\u00e0 a fluttuazioni di prezzo e disponibilit\u00e0 delle risorse energetiche.<\/p>\n<p><strong>## 7. Sostenibilit\u00e0 a Lungo Termine<\/strong><\/p>\n<p>L&#8217;efficientamento energetico \u00e8 un passo cruciale verso la sostenibilit\u00e0. Promuove l&#8217;uso responsabile delle risorse e incoraggia l&#8217;adozione di pratiche che sostengono il benessere ambientale ed economico delle comunit\u00e0 a lungo termine.<\/p>\n<p>Adottare misure di efficientamento energetico \u00e8 quindi una strategia vincente per le aziende, i governi e i singoli individui che desiderano contribuire a un futuro pi\u00f9 verde e sostenibile.<\/p>\n\t\t\n<style>\n#text-1562524702 {\n  text-align: center;\n}\n<\/style>\n\t<\/div>\n\t\n\n\t\t<\/div>\n\t\t\t\t\t<\/div>\n\n\t\n\n<\/div>\n\n\t\t<\/div>\n\n\t\t\n<style>\n#section_2017577702 {\n  padding-top: 30px;\n  padding-bottom: 30px;\n}\n<\/style>\n\t<\/section>\n\t\n\n\t<section class=\"section dark\" id=\"section_1560355971\">\n\t\t<div class=\"bg section-bg fill bg-fill  bg-loaded\" >\n\n\t\t\t\n\t\t\t\n\t\t\t\n\n\t\t<\/div>\n\n\t\t\n\n\t\t<div class=\"section-content relative\">\n\t\t\t\n\n\t<div id=\"gap-1045161388\" class=\"gap-element clearfix\" style=\"display:block; height:auto;\">\n\t\t\n<style>\n#gap-1045161388 {\n  padding-top: 30px;\n}\n<\/style>\n\t<\/div>\n\t\n\n<div class=\"row align-bottom\" style=\"max-width:1200px\" id=\"row-1553738775\">\n\n\n\t<div id=\"col-1544633292\" class=\"col medium-12 small-12 large-6\"  >\n\t\t\t\t<div class=\"col-inner\"  >\n\t\t\t\n\t\t\t\n\n\t<div id=\"text-1171342783\" class=\"text\">\n\t\t\n\n<h6>Contattaci<\/h6>\n\t\t\n<style>\n#text-1171342783 {\n  font-size: 1.1rem;\n  text-align: left;\n}\n<\/style>\n\t<\/div>\n\t\n\t<div id=\"text-3977923815\" class=\"text\">\n\t\t\n\n<h2>Qualche domanda? Richiedi un contatto<\/h2>\n\t\t\n<style>\n#text-3977923815 {\n  font-size: 2rem;\n}\n@media (min-width:550px) {\n  #text-3977923815 {\n    font-size: 1.5rem;\n  }\n}\n<\/style>\n\t<\/div>\n\t\n\n\t\t<\/div>\n\t\t\t\t\t<\/div>\n\n\t\n\n\t<div id=\"col-2022920924\" class=\"col medium-12 small-12 large-6\"  >\n\t\t\t\t<div class=\"col-inner\"  >\n\t\t\t\n\t\t\t\n\n<a href=\"tel:%20393%20793%200028\" target=\"_self\" class=\"button alert expand\"  style=\"padding:5px 0px 5px 0px;\">\n    <span>consulenza gratuita ora<\/span>\n  <\/a>\n\n\n\n\t\t<\/div>\n\t\t\t\t\n<style>\n#col-2022920924 > .col-inner {\n  padding: 0px 0px 0px 0;\n  margin: -0 0px 0px 0px;\n}\n@media (min-width:850px) {\n  #col-2022920924 > .col-inner {\n    padding: 0px 0px 0px 30px;\n    margin: -70px 0px 0px 0px;\n  }\n}\n<\/style>\n\t<\/div>\n\n\t\n\n<\/div>\n\n\t\t<\/div>\n\n\t\t\n<style>\n#section_1560355971 {\n  padding-top: 30px;\n  padding-bottom: 30px;\n  background-color: rgb(39, 54, 71);\n}\n<\/style>\n\t<\/section>\n\t\n\n","protected":false},"excerpt":{"rendered":"","protected":false},"author":1,"featured_media":0,"parent":0,"menu_order":0,"comment_status":"closed","ping_status":"closed","template":"","meta":{"footnotes":""},"class_list":["post-128","page","type-page","status-publish","hentry"],"_links":{"self":[{"href":"https:\/\/area3.group\/index.php?rest_route=\/wp\/v2\/pages\/128","targetHints":{"allow":["GET"]}}],"collection":[{"href":"https:\/\/area3.group\/index.php?rest_route=\/wp\/v2\/pages"}],"about":[{"href":"https:\/\/area3.group\/index.php?rest_route=\/wp\/v2\/types\/page"}],"author":[{"embeddable":true,"href":"https:\/\/area3.group\/index.php?rest_route=\/wp\/v2\/users\/1"}],"replies":[{"embeddable":true,"href":"https:\/\/area3.group\/index.php?rest_route=%2Fwp%2Fv2%2Fcomments&post=128"}],"version-history":[{"count":0,"href":"https:\/\/area3.group\/index.php?rest_route=\/wp\/v2\/pages\/128\/revisions"}],"wp:attachment":[{"href":"https:\/\/area3.group\/index.php?rest_route=%2Fwp%2Fv2%2Fmedia&parent=128"}],"curies":[{"name":"wp","href":"https:\/\/api.w.org\/{rel}","templated":true}]}}