{"id":147,"date":"2024-10-31T16:35:28","date_gmt":"2024-10-31T16:35:28","guid":{"rendered":"https:\/\/area3.group\/?page_id=147"},"modified":"2025-04-12T10:57:26","modified_gmt":"2025-04-12T10:57:26","slug":"energia-elettrica","status":"publish","type":"page","link":"https:\/\/area3.group\/?page_id=147","title":{"rendered":"Energia elettrica"},"content":{"rendered":"\n\t<section class=\"section\" id=\"section_1624577070\">\n\t\t<div class=\"bg section-bg fill bg-fill  \" >\n\n\t\t\t\n\t\t\t\n\t\t\t\n\n\t\t<\/div>\n\n\t\t\n\n\t\t<div class=\"section-content relative\">\n\t\t\t\n\n<div class=\"row\" style=\"max-width:1200px\" id=\"row-1014092870\">\n\n\n\t<div id=\"col-1393339808\" class=\"col medium-5 small-12 large-5\"  >\n\t\t\t\t<div class=\"col-inner\"  >\n\t\t\t\n\t\t\t\n\n\t<div id=\"gap-1061665700\" class=\"gap-element clearfix\" style=\"display:block; height:auto;\">\n\t\t\n<style>\n#gap-1061665700 {\n  padding-top: 0px;\n}\n@media (min-width:850px) {\n  #gap-1061665700 {\n    padding-top: 30px;\n  }\n}\n<\/style>\n\t<\/div>\n\t\n\n\n\t\t<\/div>\n\t\t\t\t\t<\/div>\n\n\t\n\n\t<div id=\"col-2052986998\" class=\"col medium-12 small-12 large-7\"  >\n\t\t\t\t<div class=\"col-inner\"  >\n\t\t\t\n\t\t\t\n\n\t<div id=\"gap-1845219511\" class=\"gap-element clearfix\" style=\"display:block; height:auto;\">\n\t\t\n<style>\n#gap-1845219511 {\n  padding-top: 30px;\n}\n<\/style>\n\t<\/div>\n\t\n\n\n\t\t<\/div>\n\t\t\t\t\n<style>\n#col-2052986998 > .col-inner {\n  padding: 0px 0px 0px 0;\n}\n@media (min-width:550px) {\n  #col-2052986998 > .col-inner {\n    padding: 0px 0px 0px 30px;\n  }\n}\n<\/style>\n\t<\/div>\n\n\t\n\n<\/div>\n\n\t\t<\/div>\n\n\t\t\n<style>\n#section_1624577070 {\n  padding-top: 30px;\n  padding-bottom: 30px;\n  min-height: 300px;\n}\n#section_1624577070 .section-bg.bg-loaded {\n  background-image: url(https:\/\/area3.group\/wp-content\/uploads\/2024\/10\/Progetto-senza-titolo-5.png);\n}\n#section_1624577070 .section-bg {\n  background-position: 67% 15%;\n}\n@media (min-width:550px) {\n  #section_1624577070 {\n    min-height: 450px;\n  }\n}\n@media (min-width:850px) {\n  #section_1624577070 {\n    min-height: 500px;\n  }\n}\n<\/style>\n\t<\/section>\n\t\n<div class=\"row\" style=\"max-width:1200px\" id=\"row-988802750\">\n\n\n\t<div id=\"col-1311901099\" class=\"col medium-12 small-12 large-5\"  >\n\t\t\t\t<div class=\"col-inner\"  >\n\t\t\t\n\t\t\t\n\n\n  <div class=\"banner has-hover hide-for-medium\" id=\"banner-1105768224\">\n          <div class=\"banner-inner fill\">\n        <div class=\"banner-bg fill\" >\n            <div class=\"bg fill bg-fill \"><\/div>\n                                    \n                    <\/div>\n\t\t\n        <div class=\"banner-layers container\">\n            <div class=\"fill banner-link\"><\/div>            \n\n   <div id=\"text-box-1863875876\" class=\"text-box banner-layer x50 md-x50 lg-x50 y50 md-y50 lg-y50 res-text\">\n                                <div class=\"text-box-content text dark\">\n              \n              <div class=\"text-inner text-center\">\n                  \n\n\n              <\/div>\n           <\/div>\n                            \n<style>\n#text-box-1863875876 {\n  width: 60%;\n}\n#text-box-1863875876 .text-box-content {\n  font-size: 100%;\n}\n@media (min-width:550px) {\n  #text-box-1863875876 {\n    width: 60%;\n  }\n}\n<\/style>\n    <\/div>\n \n\n        <\/div>\n      <\/div>\n\n            \n<style>\n#banner-1105768224 {\n  padding-top: 300px;\n  background-color: rgb(255, 255, 255);\n}\n#banner-1105768224 .bg.bg-loaded {\n  background-image: url(https:\/\/area3.group\/wp-content\/uploads\/2024\/10\/Progetto-senza-titolo-6-576x1024.png);\n}\n#banner-1105768224 .bg {\n  background-position: 60% 0%;\n}\n@media (min-width:550px) {\n  #banner-1105768224 {\n    padding-top: 500px;\n  }\n}\n@media (min-width:850px) {\n  #banner-1105768224 {\n    padding-top: 650px;\n  }\n}\n<\/style>\n  <\/div>\n\n\n\t<div id=\"gap-2123229823\" class=\"gap-element clearfix\" style=\"display:block; height:auto;\">\n\t\t\n<style>\n#gap-2123229823 {\n  padding-top: 0px;\n}\n@media (min-width:850px) {\n  #gap-2123229823 {\n    padding-top: 100px;\n  }\n}\n<\/style>\n\t<\/div>\n\t\n\n\n\t\t<\/div>\n\t\t\t\t\n<style>\n#col-1311901099 > .col-inner {\n  margin: -100px 0px 0px 0px;\n}\n@media (min-width:550px) {\n  #col-1311901099 > .col-inner {\n    margin: -150px 0px 0px 0px;\n  }\n}\n@media (min-width:850px) {\n  #col-1311901099 > .col-inner {\n    margin: -400px 0px 0px 0px;\n  }\n}\n<\/style>\n\t<\/div>\n\n\t\n\n\t<div id=\"col-458660590\" class=\"col medium-11 small-12 large-7\"  >\n\t\t\t\t<div class=\"col-inner\"  >\n\t\t\t\n\t\t\t\n\n\t<div id=\"gap-1578155411\" class=\"gap-element clearfix\" style=\"display:block; height:auto;\">\n\t\t\n<style>\n#gap-1578155411 {\n  padding-top: 30px;\n}\n<\/style>\n\t<\/div>\n\t\n\n<p style=\"text-align: center;\"><strong>NO STRESS CON AREA 3 GROUP<\/strong><\/p>\n<p style=\"text-align: center;\">Clicca qui e riceverai la chiamata da parte dei nostri consulenti per un&#8217;analisi <strong>GRATUITA\u00a0<\/strong><\/p>\n<p style=\"text-align: center;\">Scopri i vantaggi delle tue <strong>utenze elettriche e gas senza sorprese<\/strong>.<\/p>\n<a data-animate=\"fadeInRight\" href=\"tel:%203937930028\" target=\"_self\" class=\"button alert expand\"  >\n    <span>CHIAMA ADESSO<\/span>\n  <i class=\"icon-phone\" aria-hidden=\"true\" ><\/i><\/a>\n\n\n\n\t\t<\/div>\n\t\t\t\t\n<style>\n#col-458660590 > .col-inner {\n  padding: 0px 0px 0px 0;\n}\n@media (min-width:550px) {\n  #col-458660590 > .col-inner {\n    padding: 0px 0px 0px 30px;\n  }\n}\n<\/style>\n\t<\/div>\n\n\t\n\n<\/div>\n\t<section class=\"section\" id=\"section_765351193\">\n\t\t<div class=\"bg section-bg fill bg-fill  bg-loaded\" >\n\n\t\t\t\n\t\t\t\n\t\t\t\n\n\t\t<\/div>\n\n\t\t\n\n\t\t<div class=\"section-content relative\">\n\t\t\t\n\n<div class=\"row\" style=\"max-width:1200px\" id=\"row-195122\">\n\n\n\t<div id=\"col-883960927\" class=\"col small-12 large-12\"  >\n\t\t\t\t<div class=\"col-inner\"  >\n\t\t\t\n\t\t\t\n\n\t<div id=\"text-1006991920\" class=\"text\">\n\t\t\n\n<h6>La Nostra Energia su Misura per Te<\/h6>\n\t\t\n<style>\n#text-1006991920 {\n  font-size: 1.1rem;\n  text-align: center;\n}\n<\/style>\n\t<\/div>\n\t\n\t<div id=\"text-2573239197\" class=\"text\">\n\t\t\n\n<h1>Consulenza Area 3 Group<\/h1>\n\t\t\n<style>\n#text-2573239197 {\n  font-size: 1.75rem;\n  text-align: center;\n}\n<\/style>\n\t<\/div>\n\t\n\n\t\t<\/div>\n\t\t\t\t\t<\/div>\n\n\t\n\n<\/div>\n<div class=\"row row-large row-solid\" style=\"max-width:1200px\" id=\"row-1170639648\">\n\n\n\t<div id=\"col-2048092394\" class=\"col medium-10 small-12 large-6\"  >\n\t\t\t\t<div class=\"col-inner\"  >\n\t\t\t\n\t\t\t\n\n\n\t\t<div class=\"icon-box featured-box icon-box-left text-left\"  >\n\t\t\t\t\t<div class=\"icon-box-img\" style=\"width: 69px\">\n\t\t\t\t<div class=\"icon\">\n\t\t\t\t\t<div class=\"icon-inner\" >\n\t\t\t\t\t\t<img loading=\"lazy\" decoding=\"async\" width=\"120\" height=\"120\" src=\"https:\/\/area3.group\/wp-content\/uploads\/2024\/10\/check-line.png\" class=\"attachment-medium size-medium\" alt=\"\" \/>\t\t\t\t\t<\/div>\n\t\t\t\t<\/div>\n\t\t\t<\/div>\n\t\t\t\t<div class=\"icon-box-text last-reset\">\n\t\t\t\t\t\t\t\t\t\n\n<p>Uno dei principali vantaggi di una consulenza per la fornitura dell&#8217;energia elettrica \u00e8 il risparmio economico. Un consulente esperto pu\u00f2 aiutare a identificare le tariffe pi\u00f9 vantaggiose, negoziare contratti pi\u00f9 favorevoli e ridurre i costi complessivi dell&#8217;energia.<\/p>\n\n\t\t<\/div>\n\t<\/div>\n\t\n\t\n\t<div id=\"gap-1024406615\" class=\"gap-element clearfix\" style=\"display:block; height:auto;\">\n\t\t\n<style>\n#gap-1024406615 {\n  padding-top: 30px;\n}\n<\/style>\n\t<\/div>\n\t\n\n\n\t\t<div class=\"icon-box featured-box icon-box-left text-left\"  >\n\t\t\t\t<div class=\"icon-box-text last-reset\">\n\t\t\t\t\t\t\t\t\t\n\n<h4><strong>Ottimizzazione delle Risorse<\/strong><\/h4>\n<p>I consulenti energetici sono in grado di analizzare il consumo energetico e suggerire modi per ottimizzare l&#8217;uso delle risorse. Questo non solo aiuta a ridurre le bollette, ma contribuisce anche a un uso pi\u00f9 sostenibile dell&#8217;energia.<\/p>\n\n\t\t<\/div>\n\t<\/div>\n\t\n\t\n\t<div id=\"gap-328868301\" class=\"gap-element clearfix\" style=\"display:block; height:auto;\">\n\t\t\n<style>\n#gap-328868301 {\n  padding-top: 30px;\n}\n<\/style>\n\t<\/div>\n\t\n\n\n\t\t<\/div>\n\t\t\t\t\n<style>\n#col-2048092394 > .col-inner {\n  padding: 0px 0 0px 0px;\n}\n@media (min-width:850px) {\n  #col-2048092394 > .col-inner {\n    padding: 0px 40px 0px 0px;\n  }\n}\n<\/style>\n\t<\/div>\n\n\t\n\n\t<div id=\"col-1037880913\" class=\"col medium-10 small-12 large-6\"  >\n\t\t\t\t<div class=\"col-inner\"  >\n\t\t\t\n\t\t\t\n\n\n\t\t<div class=\"icon-box featured-box icon-box-left text-left\"  >\n\t\t\t\t\t<div class=\"icon-box-img\" style=\"width: 69px\">\n\t\t\t\t<div class=\"icon\">\n\t\t\t\t\t<div class=\"icon-inner\" >\n\t\t\t\t\t\t<img loading=\"lazy\" decoding=\"async\" width=\"120\" height=\"120\" src=\"https:\/\/area3.group\/wp-content\/uploads\/2024\/10\/check-line.png\" class=\"attachment-medium size-medium\" alt=\"\" \/>\t\t\t\t\t<\/div>\n\t\t\t\t<\/div>\n\t\t\t<\/div>\n\t\t\t\t<div class=\"icon-box-text last-reset\">\n\t\t\t\t\t\t\t\t\t\n\n<p class=\"fFOiLQ _5Ob_nQ fM_HdA upnMoA\">Ogni azienda o famiglia ha esigenze uniche in termini di consumo energetico. Una consulenza personalizzata permette di adattare le offerte e i contratti alle specifiche necessit\u00e0 del cliente, garantendo cos\u00ec una maggiore soddisfazione e efficienza.<\/p>\n\n\t\t<\/div>\n\t<\/div>\n\t\n\t\n\t<div id=\"gap-568643733\" class=\"gap-element clearfix\" style=\"display:block; height:auto;\">\n\t\t\n<style>\n#gap-568643733 {\n  padding-top: 30px;\n}\n<\/style>\n\t<\/div>\n\t\n\n\n\t\t<div class=\"icon-box featured-box icon-box-left text-left\"  >\n\t\t\t\t<div class=\"icon-box-text last-reset\">\n\t\t\t\t\t\t\t\t\t\n\n<h4 class=\"lnCPoA _5Ob_nQ fM_HdA upnMoA\"><strong>Miglioramento della Sostenibilit\u00e0<\/strong><\/h4>\n<p>Con una consulenza adeguata, \u00e8 possibile implementare pratiche pi\u00f9 sostenibili e ridurre l&#8217;impronta di carbonio. Questo non solo aiuta l&#8217;ambiente, ma pu\u00f2 anche migliorare l&#8217;immagine aziendale e attirare clienti sensibili alle tematiche ambientali.<\/p>\n\n\t\t<\/div>\n\t<\/div>\n\t\n\t\n\t<div id=\"gap-1940837664\" class=\"gap-element clearfix\" style=\"display:block; height:auto;\">\n\t\t\n<style>\n#gap-1940837664 {\n  padding-top: 30px;\n}\n<\/style>\n\t<\/div>\n\t\n\n\n\t\t<\/div>\n\t\t\t\t\n<style>\n#col-1037880913 > .col-inner {\n  padding: 0px 0 0px 0px;\n}\n@media (min-width:850px) {\n  #col-1037880913 > .col-inner {\n    padding: 0px 40px 0px 0px;\n  }\n}\n<\/style>\n\t<\/div>\n\n\t\n\n<\/div>\n\t<div id=\"gap-636013969\" class=\"gap-element clearfix\" style=\"display:block; height:auto;\">\n\t\t\n<style>\n#gap-636013969 {\n  padding-top: 30px;\n}\n<\/style>\n\t<\/div>\n\t\n\n\n\t\t<\/div>\n\n\t\t\n<style>\n#section_765351193 {\n  padding-top: 80px;\n  padding-bottom: 80px;\n  background-color: rgb(242, 238, 241);\n}\n<\/style>\n\t<\/section>\n\t\n\t<section class=\"section dark\" id=\"section_32873478\">\n\t\t<div class=\"bg section-bg fill bg-fill  bg-loaded\" >\n\n\t\t\t\n\t\t\t\n\t\t\t\n\n\t\t<\/div>\n\n\t\t\n\n\t\t<div class=\"section-content relative\">\n\t\t\t\n\n<div class=\"row align-bottom\" style=\"max-width:1200px\" id=\"row-1139098824\">\n\n\n\t<div id=\"col-208036090\" class=\"col medium-12 small-12 large-6\"  >\n\t\t\t\t<div class=\"col-inner\"  >\n\t\t\t\n\t\t\t\n\n\t<div id=\"text-3875079408\" class=\"text\">\n\t\t\n\n<h6>Area 3 Group<\/h6>\n\t\t\n<style>\n#text-3875079408 {\n  font-size: 1.1rem;\n  text-align: left;\n}\n<\/style>\n\t<\/div>\n\t\n\t<div id=\"text-3807960392\" class=\"text\">\n\t\t\n\n<h2>Contattaci o vieni a trovarci presso i nostri Point<\/h2>\n\t\t\n<style>\n#text-3807960392 {\n  font-size: 1.75rem;\n}\n@media (min-width:550px) {\n  #text-3807960392 {\n    font-size: 1.5rem;\n  }\n}\n<\/style>\n\t<\/div>\n\t\n\n\t\t<\/div>\n\t\t\t\t\t<\/div>\n\n\t\n\n\t<div id=\"col-1984333199\" class=\"col medium-12 small-12 large-6\"  >\n\t\t\t\t<div class=\"col-inner\"  >\n\t\t\t\n\t\t\t\n\n<a data-animate=\"fadeInUp\" href=\"\/#CF7\" target=\"_self\" class=\"button alert expand\"  style=\"padding:5px 0px 5px 0px;\">\n    <span>CONSULENZA GRATUITA ORA<\/span>\n  <i class=\"icon-angle-left\" aria-hidden=\"true\" ><\/i><\/a>\n\n\n\n\t\t<\/div>\n\t\t\t\t\n<style>\n#col-1984333199 > .col-inner {\n  padding: 0px 0px 0px 0;\n  margin: 0 0px 0px 0px;\n}\n@media (min-width:850px) {\n  #col-1984333199 > .col-inner {\n    padding: 0px 0px 0px 30px;\n    margin: -70px 0px 0px 0px;\n  }\n}\n<\/style>\n\t<\/div>\n\n\t\n\n<\/div>\n\t<div id=\"gap-1666444956\" class=\"gap-element clearfix\" style=\"display:block; height:auto;\">\n\t\t\n<style>\n#gap-1666444956 {\n  padding-top: 50px;\n}\n<\/style>\n\t<\/div>\n\t\n\n\n\t\t<\/div>\n\n\t\t\n<style>\n#section_32873478 {\n  padding-top: 80px;\n  padding-bottom: 80px;\n  background-color: rgb(39, 54, 71);\n}\n<\/style>\n\t<\/section>\n\t\n\t<section class=\"section\" id=\"section_1763630413\">\n\t\t<div class=\"bg section-bg fill bg-fill  bg-loaded\" >\n\n\t\t\t\n\t\t\t\n\t\t\t\n\n\t\t<\/div>\n\n\t\t\n\n\t\t<div class=\"section-content relative\">\n\t\t\t\n\n<div class=\"row\" style=\"max-width:1200px\" id=\"row-1411148930\">\n\n\n\t<div id=\"col-1389639949\" class=\"col small-12 large-12\"  >\n\t\t\t\t<div class=\"col-inner\"  >\n\t\t\t\n\t\t\t\n\n\n  <div class=\"banner has-hover\" id=\"banner-962972888\">\n          <div class=\"banner-inner fill\">\n        <div class=\"banner-bg fill\" >\n            <div class=\"bg fill bg-fill \"><\/div>\n                                    \n                    <\/div>\n\t\t\n        <div class=\"banner-layers container\">\n            <div class=\"fill banner-link\"><\/div>            \n\n   <div id=\"text-box-983248332\" class=\"text-box banner-layer x50 md-x50 lg-x50 y50 md-y50 lg-y50 res-text\">\n                                <div class=\"text-box-content text dark\">\n              \n              <div class=\"text-inner text-center\">\n                  \n\n\n              <\/div>\n           <\/div>\n                            \n<style>\n#text-box-983248332 {\n  width: 60%;\n}\n#text-box-983248332 .text-box-content {\n  font-size: 100%;\n}\n@media (min-width:550px) {\n  #text-box-983248332 {\n    width: 60%;\n  }\n}\n<\/style>\n    <\/div>\n \n\n        <\/div>\n      <\/div>\n\n            \n<style>\n#banner-962972888 {\n  padding-top: 200px;\n  background-color: rgb(255, 255, 255);\n}\n#banner-962972888 .bg.bg-loaded {\n  background-image: url(https:\/\/area3.group\/wp-content\/uploads\/2024\/10\/Progetto-senza-titolo-5-1024x576.png);\n}\n#banner-962972888 .bg {\n  background-position: 45% 56%;\n}\n@media (min-width:550px) {\n  #banner-962972888 {\n    padding-top: 350px;\n  }\n}\n@media (min-width:850px) {\n  #banner-962972888 {\n    padding-top: 400px;\n  }\n}\n<\/style>\n  <\/div>\n\n\n\n\t\t<\/div>\n\t\t\t\t\n<style>\n#col-1389639949 > .col-inner {\n  margin: -120px 0px 0px 0px;\n}\n<\/style>\n\t<\/div>\n\n\t\n\n<\/div>\n<div class=\"row align-center\" style=\"max-width:1200px\" id=\"row-1382999435\">\n\n\n\t<div id=\"col-2017719796\" class=\"col medium-10 small-12 large-10\"  >\n\t\t\t\t<div class=\"col-inner\"  >\n\t\t\t\n\t\t\t\n\n\t<div id=\"gap-457931238\" class=\"gap-element clearfix\" style=\"display:block; height:auto;\">\n\t\t\n<style>\n#gap-457931238 {\n  padding-top: 30px;\n}\n<\/style>\n\t<\/div>\n\t\n\n\t<div id=\"text-1899581190\" class=\"text\">\n\t\t\n\n<h6>Vantaggi<\/h6>\n\t\t\n<style>\n#text-1899581190 {\n  font-size: 1.1rem;\n  text-align: center;\n}\n<\/style>\n\t<\/div>\n\t\n\t<div id=\"text-756234401\" class=\"text\">\n\t\t\n\n<h1>Vantaggi dell&#8217;Efficientamento Energetico<\/h1>\n\t\t\n<style>\n#text-756234401 {\n  font-size: 1.75rem;\n  text-align: center;\n}\n<\/style>\n\t<\/div>\n\t\n\t<div id=\"gap-1821230962\" class=\"gap-element clearfix\" style=\"display:block; height:auto;\">\n\t\t\n<style>\n#gap-1821230962 {\n  padding-top: 10px;\n}\n<\/style>\n\t<\/div>\n\t\n\n\t<div id=\"text-3526315853\" class=\"text\">\n\t\t\n\n<h4 class=\"lnCPoA _5Ob_nQ fM_HdA upnMoA\">1. Risparmio Economico<\/h4>\n<p class=\"fFOiLQ _5Ob_nQ fM_HdA upnMoA\">Uno dei principali vantaggi di una consulenza per la fornitura dell&#8217;energia elettrica \u00e8 il risparmio economico. Un consulente esperto pu\u00f2 aiutare a identificare le tariffe pi\u00f9 vantaggiose, negoziare contratti pi\u00f9 favorevoli e ridurre i costi complessivi dell&#8217;energia.<\/p>\n<h4 class=\"lnCPoA _5Ob_nQ fM_HdA upnMoA\">2. Ottimizzazione delle Risorse<\/h4>\n<p class=\"fFOiLQ _5Ob_nQ fM_HdA upnMoA\">I consulenti energetici sono in grado di analizzare il consumo energetico e suggerire modi per ottimizzare l&#8217;uso delle risorse. Questo non solo aiuta a ridurre le bollette, ma contribuisce anche a un uso pi\u00f9 sostenibile dell&#8217;energia.<\/p>\n<h4 class=\"lnCPoA _5Ob_nQ fM_HdA upnMoA\">3. Personalizzazione del Servizio<\/h4>\n<p class=\"fFOiLQ _5Ob_nQ fM_HdA upnMoA\">Ogni azienda o famiglia ha esigenze uniche in termini di consumo energetico. Una consulenza personalizzata permette di adattare le offerte e i contratti alle specifiche necessit\u00e0 del cliente, garantendo cos\u00ec una maggiore soddisfazione e efficienza.<\/p>\n<h4 class=\"lnCPoA _5Ob_nQ fM_HdA upnMoA\">4. Accesso a Tecnologie Avanzate<\/h4>\n<p class=\"fFOiLQ _5Ob_nQ fM_HdA upnMoA\">I consulenti sono spesso aggiornati sulle ultime tecnologie e innovazioni nel campo dell&#8217;energia. Possono quindi consigliare soluzioni avanzate, come l&#8217;installazione di sistemi di energia rinnovabile o l&#8217;adozione di software di monitoraggio energetico.<\/p>\n<h4 class=\"lnCPoA _5Ob_nQ fM_HdA upnMoA\">5. Rispetto delle Normative<\/h4>\n<p class=\"fFOiLQ _5Ob_nQ fM_HdA upnMoA\">Le normative energetiche possono essere complesse e in continua evoluzione. Un consulente pu\u00f2 garantire che l&#8217;azienda o il consumatore sia sempre conforme alle leggi vigenti, evitando sanzioni e problemi legali.<\/p>\n<h4 class=\"lnCPoA _5Ob_nQ fM_HdA upnMoA\">6. Miglioramento della Sostenibilit\u00e0<\/h4>\n<p class=\"fFOiLQ _5Ob_nQ fM_HdA upnMoA\">Con una consulenza adeguata, \u00e8 possibile implementare pratiche pi\u00f9 sostenibili e ridurre l&#8217;impronta di carbonio. Questo non solo aiuta l&#8217;ambiente, ma pu\u00f2 anche migliorare l&#8217;immagine aziendale e attirare clienti sensibili alle tematiche ambientali.<\/p>\n<h4 class=\"lnCPoA _5Ob_nQ fM_HdA upnMoA\">7. Supporto Continuo<\/h4>\n<p class=\"fFOiLQ _5Ob_nQ fM_HdA upnMoA\">Un consulente offre supporto continuo per affrontare eventuali problemi o cambiamenti nelle esigenze energetiche. Questa assistenza ongoing \u00e8 fondamentale per adattarsi rapidamente alle nuove sfide e opportunit\u00e0 nel mercato dell&#8217;energia.<\/p>\n\t\t\n<style>\n#text-3526315853 {\n  text-align: center;\n}\n<\/style>\n\t<\/div>\n\t\n\n\t\t<\/div>\n\t\t\t\t\t<\/div>\n\n\t\n\n<\/div>\n\n\t\t<\/div>\n\n\t\t\n<style>\n#section_1763630413 {\n  padding-top: 30px;\n  padding-bottom: 30px;\n}\n<\/style>\n\t<\/section>\n\t\n\n\t<section class=\"section dark\" id=\"section_1502556025\">\n\t\t<div class=\"bg section-bg fill bg-fill  bg-loaded\" >\n\n\t\t\t\n\t\t\t\n\t\t\t\n\n\t\t<\/div>\n\n\t\t\n\n\t\t<div class=\"section-content relative\">\n\t\t\t\n\n\t<div id=\"gap-2132383545\" class=\"gap-element clearfix\" style=\"display:block; height:auto;\">\n\t\t\n<style>\n#gap-2132383545 {\n  padding-top: 30px;\n}\n<\/style>\n\t<\/div>\n\t\n\n<div class=\"row align-bottom\" style=\"max-width:1200px\" id=\"row-52381727\">\n\n\n\t<div id=\"col-816511658\" class=\"col medium-12 small-12 large-6\"  >\n\t\t\t\t<div class=\"col-inner\"  >\n\t\t\t\n\t\t\t\n\n\t<div id=\"text-3780122644\" class=\"text\">\n\t\t\n\n<h6>Contattaci<\/h6>\n\t\t\n<style>\n#text-3780122644 {\n  font-size: 1.1rem;\n  text-align: left;\n}\n<\/style>\n\t<\/div>\n\t\n\t<div id=\"text-789277976\" class=\"text\">\n\t\t\n\n<h2>Qualche domanda? Richiedi un contatto<\/h2>\n\t\t\n<style>\n#text-789277976 {\n  font-size: 2rem;\n}\n@media (min-width:550px) {\n  #text-789277976 {\n    font-size: 1.5rem;\n  }\n}\n<\/style>\n\t<\/div>\n\t\n\n\t\t<\/div>\n\t\t\t\t\t<\/div>\n\n\t\n\n\t<div id=\"col-1599501071\" class=\"col medium-12 small-12 large-6\"  >\n\t\t\t\t<div class=\"col-inner\"  >\n\t\t\t\n\t\t\t\n\n<a data-animate=\"fadeInUp\" href=\"\/#CF7\" target=\"_self\" class=\"button alert expand\"  style=\"padding:5px 0px 5px 0px;\">\n    <span>CONSULENZA GRATUITA ORA<\/span>\n  <\/a>\n\n\n\n\t\t<\/div>\n\t\t\t\t\n<style>\n#col-1599501071 > .col-inner {\n  padding: 0px 0px 0px 0;\n  margin: -0 0px 0px 0px;\n}\n@media (min-width:850px) {\n  #col-1599501071 > .col-inner {\n    padding: 0px 0px 0px 30px;\n    margin: -70px 0px 0px 0px;\n  }\n}\n<\/style>\n\t<\/div>\n\n\t\n\n<\/div>\n\n\t\t<\/div>\n\n\t\t\n<style>\n#section_1502556025 {\n  padding-top: 30px;\n  padding-bottom: 30px;\n  background-color: rgb(39, 54, 71);\n}\n<\/style>\n\t<\/section>\n\t\n\n","protected":false},"excerpt":{"rendered":"","protected":false},"author":1,"featured_media":0,"parent":0,"menu_order":0,"comment_status":"closed","ping_status":"closed","template":"","meta":{"footnotes":""},"class_list":["post-147","page","type-page","status-publish","hentry"],"_links":{"self":[{"href":"https:\/\/area3.group\/index.php?rest_route=\/wp\/v2\/pages\/147","targetHints":{"allow":["GET"]}}],"collection":[{"href":"https:\/\/area3.group\/index.php?rest_route=\/wp\/v2\/pages"}],"about":[{"href":"https:\/\/area3.group\/index.php?rest_route=\/wp\/v2\/types\/page"}],"author":[{"embeddable":true,"href":"https:\/\/area3.group\/index.php?rest_route=\/wp\/v2\/users\/1"}],"replies":[{"embeddable":true,"href":"https:\/\/area3.group\/index.php?rest_route=%2Fwp%2Fv2%2Fcomments&post=147"}],"version-history":[{"count":0,"href":"https:\/\/area3.group\/index.php?rest_route=\/wp\/v2\/pages\/147\/revisions"}],"wp:attachment":[{"href":"https:\/\/area3.group\/index.php?rest_route=%2Fwp%2Fv2%2Fmedia&parent=147"}],"curies":[{"name":"wp","href":"https:\/\/api.w.org\/{rel}","templated":true}]}}